{"id":6,"date":"2024-01-26T08:11:28","date_gmt":"2024-01-26T07:11:28","guid":{"rendered":"https:\/\/medicosecuador.org\/?page_id=6"},"modified":"2025-04-02T15:04:53","modified_gmt":"2025-04-02T13:04:53","slug":"global-connection","status":"publish","type":"page","link":"https:\/\/medicosecuador.org\/","title":{"rendered":"medicosecuador.org"},"content":{"rendered":"\n<div id=\"wp-block-themeisle-blocks-advanced-columns-fb6bb9e8\" class=\"wp-block-themeisle-blocks-advanced-columns alignfull has-1-columns has-desktop-equal-layout has-tablet-equal-layout has-mobile-equal-layout has-vertical-center has-dark-bg\"><div class=\"wp-block-themeisle-blocks-advanced-columns-overlay\"><\/div><div class=\"innerblocks-wrap\">\n<div id=\"wp-block-themeisle-blocks-advanced-column-87485e07\" class=\"wp-block-themeisle-blocks-advanced-column ticss-c60ffd99\">\n<div id=\"wp-block-themeisle-blocks-font-awesome-icons-9e4d3c76\" class=\"wp-block-themeisle-blocks-font-awesome-icons ticss-9e4d3c76\"><span class=\"wp-block-themeisle-blocks-font-awesome-icons-container\"><i class=\"fas fa-mobile-alt\"><\/i><\/span><\/div>\n\n\n\n<div id=\"wp-block-themeisle-blocks-advanced-heading-47148bc5\" class=\"wp-block-themeisle-blocks-advanced-heading wp-block-themeisle-blocks-advanced-heading-47148bc5 ticss-47148bc5 animated fadeIn delay-500ms\">Cont\u00e1ctanos info@medicosecuador.org<\/div>\n<\/div>\n<\/div><\/div>\n\n\n\n<div id=\"wp-block-themeisle-blocks-advanced-columns-0ded819d\" class=\"wp-block-themeisle-blocks-advanced-columns alignfull has-2-columns has-desktop-equal-layout has-tablet-equal-layout has-mobile-collapsedRows-layout has-vertical-unset has-dark-bg\"><div class=\"wp-block-themeisle-blocks-advanced-columns-overlay\"><\/div><div class=\"innerblocks-wrap\">\n<div id=\"wp-block-themeisle-blocks-advanced-column-7c1f8f4e\" class=\"wp-block-themeisle-blocks-advanced-column\">\n<div id=\"wp-block-themeisle-blocks-advanced-heading-c97241d2\" class=\"wp-block-themeisle-blocks-advanced-heading wp-block-themeisle-blocks-advanced-heading-c97241d2\"><\/div>\n\n\n\n<h1 id=\"wp-block-themeisle-blocks-advanced-heading-6ecab59e\" class=\"wp-block-themeisle-blocks-advanced-heading wp-block-themeisle-blocks-advanced-heading-6ecab59e\">Destaca a Escala Mundial: Aprovecha la Demanda Internacional de Atenci\u00f3n M\u00e9dica en Ecuador<\/h1>\n\n\n\n<h2 id=\"wp-block-themeisle-blocks-advanced-heading-9384ed1a\" class=\"wp-block-themeisle-blocks-advanced-heading wp-block-themeisle-blocks-advanced-heading-9384ed1a\">Expandir tu presencia m\u00e9dica al exterior te permite captar pacientes que viajan a Ecuador en busca de atenci\u00f3n m\u00e9dica especializada. Aprovecha esta oportunidad \u00fanica para aumentar tu alcance, establecer credibilidad internacional y brindar tus servicios a una audiencia global en busca de calidad y confianza en la atenci\u00f3n m\u00e9dica.<\/h2>\n<\/div>\n\n\n\n<div id=\"wp-block-themeisle-blocks-advanced-column-f0361973\" class=\"wp-block-themeisle-blocks-advanced-column has-dark-bg\">\n<h2 id=\"wp-block-themeisle-blocks-advanced-heading-d07eb108\" class=\"wp-block-themeisle-blocks-advanced-heading wp-block-themeisle-blocks-advanced-heading-d07eb108 ticss-e5408d50\">\u00bfListo para ser descubierto por ecuatorianos en el extranjero y turistas? Registra tus datos y \u00fanete a nuestra plataforma ahora.<\/h2>\n\n\n\n<div id=\"wp-block-themeisle-blocks-form-868a56f3\" class=\"wp-block-themeisle-blocks-form\" data-option-name=\"bf9b28ff82ce323187abc5d0feb0d8f07ecd8436_868a56f3\"><form class=\"otter-form__container\">\n<div id=\"wp-block-themeisle-blocks-form-input-dc660632\" class=\"wp-block-themeisle-blocks-form-input\"><label for=\"wp-block-themeisle-blocks-form-input-dc660632-input\" class=\"otter-form-input-label\"><span class=\"otter-form-input-label__label\">Tu Nombre<\/span><span class=\"required\">*<\/span><\/label><input type=\"text\" id=\"wp-block-themeisle-blocks-form-input-dc660632-input\" required class=\"otter-form-input\"\/><\/div>\n\n\n\n<div id=\"wp-block-themeisle-blocks-form-input-25cd8375\" class=\"wp-block-themeisle-blocks-form-input\"><label for=\"wp-block-themeisle-blocks-form-input-25cd8375-input\" class=\"otter-form-input-label\"><span class=\"otter-form-input-label__label\">Tu Whatsapp<\/span><span class=\"required\">*<\/span><\/label><input type=\"text\" id=\"wp-block-themeisle-blocks-form-input-25cd8375-input\" required class=\"otter-form-input\"\/><\/div>\n\n\n\n<div id=\"wp-block-themeisle-blocks-form-input-28e1f120\" class=\"wp-block-themeisle-blocks-form-input\"><label for=\"wp-block-themeisle-blocks-form-input-28e1f120-input\" class=\"otter-form-input-label\"><span class=\"otter-form-input-label__label\">Tu E-mail<\/span><span class=\"required\">*<\/span><\/label><input type=\"email\" id=\"wp-block-themeisle-blocks-form-input-28e1f120-input\" required class=\"otter-form-input\"\/><\/div>\n\n\n<div class=\"protection\" aria-hidden=\"true\"><input type=\"hidden\" id=\"wp-block-themeisle-blocks-form-868a56f3_nonce_field\" name=\"wp-block-themeisle-blocks-form-868a56f3_nonce_field\" value=\"74d7c8a4d2\" \/><input type=\"hidden\" name=\"_wp_http_referer\" value=\"\/index.php?rest_route=%2Fwp%2Fv2%2Fpages%2F6\" \/><input class=\"o-anti-bot\" type=\"checkbox\"><\/div><div class=\"wp-block-button full\"><button class=\"wp-block-button__link\" type=\"submit\">Enviar <\/button><\/div><\/form><\/div>\n<\/div>\n<\/div><\/div>\n\n\n\n<div id=\"wp-block-themeisle-blocks-advanced-columns-0bc6c8e2\" class=\"wp-block-themeisle-blocks-advanced-columns alignfull has-1-columns has-desktop-equal-layout has-tablet-equal-layout has-mobile-equal-layout has-vertical-unset has-light-bg\"><div class=\"wp-block-themeisle-blocks-advanced-columns-overlay\"><\/div><div class=\"innerblocks-wrap\">\n<div id=\"wp-block-themeisle-blocks-advanced-column-8c330cac\" class=\"wp-block-themeisle-blocks-advanced-column\">\n<h2 id=\"wp-block-themeisle-blocks-advanced-heading-7efe13ed\" class=\"wp-block-themeisle-blocks-advanced-heading wp-block-themeisle-blocks-advanced-heading-7efe13ed\">En qu\u00e9 somos diferentes!<\/h2>\n\n\n\n<div style=\"height:16px\" aria-hidden=\"true\" class=\"wp-block-spacer\"><\/div>\n\n\n\n<div id=\"wp-block-themeisle-blocks-advanced-columns-f03170af\" class=\"wp-block-themeisle-blocks-advanced-columns has-3-columns has-desktop-equal-layout has-tablet-equal-layout has-mobile-collapsedRows-layout has-vertical-unset\"><div class=\"wp-block-themeisle-blocks-advanced-columns-overlay\"><\/div><div class=\"innerblocks-wrap\">\n<div id=\"wp-block-themeisle-blocks-advanced-column-a40a9ff8\" class=\"wp-block-themeisle-blocks-advanced-column has-light-bg\">\n<div id=\"wp-block-themeisle-blocks-font-awesome-icons-0fb337b5\" class=\"wp-block-themeisle-blocks-font-awesome-icons\"><span class=\"wp-block-themeisle-blocks-font-awesome-icons-container\"><svg xmlns=\"http:\/\/www.w3.org\/2000\/svg\" viewBox=\"0 0 1800 1800\"><path d=\"M975.824,1161.939v-7.569c57.861-26.47,98.873-81.339,107.801-144.171 c24.396-8.848,41.596-32.416,41.596-59.1c0-22.972-12.408-43.534-31.613-54.503c1.998-6.256,3.639-12.565,4.903-18.865 c10.218-50.672-1.423-102.46-32.774-145.828c-30.846-42.665-77.207-72.085-130.549-82.844 c-14.346-2.889-28.971-4.354-43.473-4.354c-45.75,0-90.384,14.751-125.688,41.54c-36.353,27.583-61.213,66.775-70,110.353 c-6.666,33.045-3.944,67.129,7.836,99.109c-19.965,10.732-33.185,31.823-33.185,55.4c0,27.033,17.461,50.681,42.216,59.328 c9.171,64.328,51.518,119.72,111.282,145.535v5.973c-124.135,28.12-209.728,120.969-209.728,229.471v28.979h108.036v-0.052h11.998 v0.052h451.071v-28.979C1185.553,1282.908,1099.959,1190.063,975.824,1161.939z M891.715,702.663 c10.646,0,21.422,1.082,32.024,3.211c38.996,7.871,72.748,29.171,95.025,59.991c20.776,28.726,29.145,62.513,23.796,95.671 c-28.517-13.312-66.004-27.382-105.436-32.783c-74.119-10.131-75.306-13.578-79.721-26.388l-14.153-40.951l-32.548,28.804 c-3.464,3.045-29.694,26.1-59.956,51.178c-0.838-11.125-0.14-22.277,2.094-33.351 C765.153,746.982,823.557,702.663,891.715,702.663z M768.923,901.422c20.323-16.443,40.401-33.424,54.93-45.885 c20.139,18.163,51.536,23.272,105.41,30.641c36.544,5,72.382,19.633,98.306,32.487v65.31c0,71.313-58.01,129.322-129.318,129.322 c-71.317,0-129.327-58.01-129.327-129.322V901.422z M882.134,1170.543c11.98,1.057,23.892,0.93,35.732-0.318v17.893l-17.914,9.931 l-17.818-9.899V1170.543z M675.364,1362.4c13.307-64.903,70.296-118.855,148.812-140.705v0.559l75.724,42.072l75.925-42.051v-0.58 c78.524,21.85,135.522,75.814,148.813,140.731l-390.391-0.048v0.021H675.364z\"><\/path><path d=\"M1185.553,1546.793H614.448c-17.273,0-31.274-14-31.274-31.273s14.001-31.273,31.274-31.273h571.104 c17.272,0,31.273,14,31.273,31.273S1202.825,1546.793,1185.553,1546.793z\"><\/path><path d=\"M1581.322,190.83h-529.979V95.817c0-46.806-38.08-84.886-84.886-84.886H833.543 c-46.806,0-84.886,38.08-84.886,84.886v95.012H218.679c-46.807,0-84.886,38.08-84.886,84.886v1428.468 c0,46.805,38.08,84.885,84.886,84.885h1362.644c46.805,0,84.885-38.08,84.885-84.885V275.716 C1666.207,228.909,1628.127,190.83,1581.322,190.83z M811.205,95.817c0-12.317,10.021-22.339,22.338-22.339h132.914 c12.316,0,22.338,10.022,22.338,22.339v95.012v62.547v128.372c0,12.316-10.021,22.338-22.338,22.338H833.543 c-12.316,0-22.338-10.021-22.338-22.338V253.377V190.83V95.817z M1603.66,1704.184c0,12.316-10.021,22.338-22.338,22.338H218.679 c-12.317,0-22.339-10.021-22.339-22.338V275.716c0-12.317,10.022-22.339,22.339-22.339h529.979v128.372 c0,46.806,38.08,84.886,84.886,84.886h132.914c46.806,0,84.886-38.08,84.886-84.886V253.377h529.979 c12.316,0,22.338,10.022,22.338,22.339V1704.184z\"><\/path><\/svg><\/span><\/div>\n\n\n\n<div style=\"height:16px\" aria-hidden=\"true\" class=\"wp-block-spacer\"><\/div>\n\n\n\n<h3 id=\"wp-block-themeisle-blocks-advanced-heading-aa28a5e5\" class=\"wp-block-themeisle-blocks-advanced-heading wp-block-themeisle-blocks-advanced-heading-aa28a5e5\">Expertos <\/h3>\n\n\n\n<p id=\"wp-block-themeisle-blocks-advanced-heading-74806989\" class=\"wp-block-themeisle-blocks-advanced-heading wp-block-themeisle-blocks-advanced-heading-74806989\">20 a\u00f1os de experiencia en dise\u00f1o web<\/p>\n<\/div>\n\n\n\n<div id=\"wp-block-themeisle-blocks-advanced-column-cb7906fb\" class=\"wp-block-themeisle-blocks-advanced-column has-light-bg\">\n<div id=\"wp-block-themeisle-blocks-font-awesome-icons-28c004e2\" class=\"wp-block-themeisle-blocks-font-awesome-icons\"><span class=\"wp-block-themeisle-blocks-font-awesome-icons-container\"><svg xmlns=\"http:\/\/www.w3.org\/2000\/svg\" viewBox=\"0 0 1800 1800\"><path d=\"M152.728,528.008c-63.267,0-114.738-51.469-114.738-114.733c0-63.265,51.472-114.734,114.738-114.734 c63.262,0,114.729,51.469,114.729,114.734C267.457,476.539,215.99,528.008,152.728,528.008z M152.728,360.752 c-28.962,0-52.526,23.562-52.526,52.522s23.563,52.521,52.526,52.521c28.958,0,52.517-23.562,52.517-52.521 S181.686,360.752,152.728,360.752z\"><\/path><path d=\"M1124.017,703.674c-63.267,0-114.738-51.465-114.738-114.725c0-63.267,51.472-114.738,114.738-114.738 c63.262,0,114.729,51.472,114.729,114.738C1238.745,652.209,1187.278,703.674,1124.017,703.674z M1124.017,536.423 c-28.963,0-52.526,23.563-52.526,52.526c0,28.956,23.563,52.513,52.526,52.513c28.957,0,52.517-23.558,52.517-52.513 C1176.533,559.986,1152.974,536.423,1124.017,536.423z\"><\/path><path d=\"M638.373,391.099c-103.739,0-188.138-84.396-188.138-188.133S534.634,14.833,638.373,14.833 c103.733,0,188.125,84.396,188.125,188.133S742.106,391.099,638.373,391.099z M638.373,77.045 c-69.435,0-125.926,56.488-125.926,125.921c0,69.433,56.491,125.921,125.926,125.921c69.429,0,125.913-56.488,125.913-125.921 C764.286,133.533,707.802,77.045,638.373,77.045z\"><\/path><path d=\"M1609.674,391.099c-103.737,0-188.137-84.396-188.137-188.133s84.399-188.133,188.137-188.133 c103.733,0,188.129,84.396,188.129,188.133S1713.407,391.099,1609.674,391.099z M1609.674,77.045 c-69.437,0-125.925,56.488-125.925,125.921c0,69.433,56.488,125.921,125.925,125.921c69.429,0,125.917-56.488,125.917-125.921 C1735.591,133.533,1679.103,77.045,1609.674,77.045z\"><\/path><rect x=\"332.296\" y=\"178.864\" transform=\"matrix(0.4637 0.886 -0.886 0.4637 480.4105 -149.1437)\" width=\"62.214\" height=\"286.801\"><\/rect><rect x=\"721.561\" y=\"398.765\" transform=\"matrix(0.767 0.6417 -0.6417 0.767 488.2679 -484.7798)\" width=\"380.063\" height=\"62.211\"><\/rect><polygon points=\"1216.137,584.88 1176.993,536.524 1473.117,296.842 1512.26,345.197\"><\/polygon><path d=\"M223.333,1785.167H82.119c-44.068,0-79.922-36.348-79.922-81.023V761.958 c0-44.678,35.854-81.024,79.922-81.024h141.214c44.068,0,79.921,36.346,79.921,81.024v942.185 C303.254,1748.819,267.401,1785.167,223.333,1785.167z M82.119,743.146c-9.767,0-17.71,8.438-17.71,18.812v942.185 c0,10.371,7.943,18.812,17.71,18.812h141.214c9.766,0,17.709-8.44,17.709-18.812V761.958c0-10.374-7.944-18.812-17.709-18.812 H82.119z\"><\/path><path d=\"M708.974,1785.167H567.755c-44.066,0-79.917-38.839-79.917-86.578V651.512 c0-47.74,35.852-86.579,79.917-86.579h141.218c44.066,0,79.917,38.839,79.917,86.579v1047.077 C788.891,1746.328,753.04,1785.167,708.974,1785.167z M567.755,627.146c-9.597,0-17.706,11.159-17.706,24.367v1047.077 c0,13.209,8.108,24.366,17.706,24.366h141.218c9.597,0,17.705-11.157,17.705-24.366V651.512c0-13.208-8.108-24.367-17.705-24.367 H567.755z\"><\/path><path d=\"M1194.621,1785.167h-141.21c-44.072,0-79.926-31.604-79.926-70.452V972.037 c0-38.848,35.854-70.453,79.926-70.453h141.21c44.072,0,79.926,31.605,79.926,70.453v742.678 C1274.547,1753.563,1238.693,1785.167,1194.621,1785.167z M1053.411,963.796c-11.43,0-17.714,6.188-17.714,8.241v742.678 c0,2.053,6.284,8.24,17.714,8.24h141.21c11.431,0,17.714-6.188,17.714-8.24V972.037c0-2.053-6.283-8.241-17.714-8.241H1053.411z\"><\/path><path d=\"M1680.271,1785.167h-141.219c-44.067,0-79.917-38.839-79.917-86.578V651.512 c0-47.74,35.85-86.579,79.917-86.579h141.219c44.072,0,79.926,38.839,79.926,86.579v1047.077 C1760.196,1746.328,1724.343,1785.167,1680.271,1785.167z M1539.052,627.146c-9.599,0-17.705,11.159-17.705,24.367v1047.077 c0,13.209,8.106,24.366,17.705,24.366h141.219c9.604,0,17.714-11.157,17.714-24.366V651.512c0-13.208-8.11-24.367-17.714-24.367 H1539.052z\"><\/path><\/svg><\/span><\/div>\n\n\n\n<div style=\"height:16px\" aria-hidden=\"true\" class=\"wp-block-spacer\"><\/div>\n\n\n\n<h3 id=\"wp-block-themeisle-blocks-advanced-heading-ea55d38e\" class=\"wp-block-themeisle-blocks-advanced-heading wp-block-themeisle-blocks-advanced-heading-ea55d38e\">Posicionamiento SEO<\/h3>\n\n\n\n<p id=\"wp-block-themeisle-blocks-advanced-heading-3ef45ee0\" class=\"wp-block-themeisle-blocks-advanced-heading wp-block-themeisle-blocks-advanced-heading-3ef45ee0\">Aparecer en los primeros resultados de b\u00fasqueda mediante estrategias de optimizaci\u00f3n.<\/p>\n<\/div>\n\n\n\n<div id=\"wp-block-themeisle-blocks-advanced-column-f39601ea\" class=\"wp-block-themeisle-blocks-advanced-column has-light-bg\">\n<div id=\"wp-block-themeisle-blocks-font-awesome-icons-2c7b63ab\" class=\"wp-block-themeisle-blocks-font-awesome-icons\"><span class=\"wp-block-themeisle-blocks-font-awesome-icons-container\"><svg xmlns=\"http:\/\/www.w3.org\/2000\/svg\" viewBox=\"0 0 1800 1800\"><path d=\"M1627.938,384.003c-12.13-17.064-24.856-33.673-38.118-49.817 C1425.985,134.806,1177.596,7.414,900.004,7.414c-277.596,0-525.985,127.392-689.825,326.772 c-13.27,16.144-25.988,32.752-38.122,49.817C68.421,529.789,7.417,707.905,7.417,899.997c0,193.195,61.719,372.25,166.447,518.491 c12.194,17.021,24.947,33.613,38.277,49.705c163.849,198.021,411.368,324.393,687.863,324.393 c276.49,0,524.014-126.371,687.858-324.393c13.326-16.092,26.084-32.684,38.273-49.705 c104.725-146.241,166.447-325.296,166.447-518.491C1792.583,707.905,1731.583,529.789,1627.938,384.003z M1538.661,370.69 c-14.208,9.139-29.117,18.046-44.792,26.668c-46.543,25.601-97.693,47.778-152.398,66.383 c-21.347-67.829-47.821-130.984-79.089-187.832c-39.409-71.671-84.575-129.96-133.772-173.723 C1291.124,148.828,1433.377,243.88,1538.661,370.69z M1359.744,643.08c9.006,0,17.533,2.022,25.231,5.559 c20.911,9.604,35.502,30.696,35.502,55.178c0,18.967-8.748,35.919-22.413,47.063c-10.46,8.528-23.799,13.666-38.32,13.666 c-8.459,0-16.51-1.739-23.833-4.88c-21.673-9.285-36.909-30.816-36.909-55.85c0-19.525,9.303-36.883,23.661-48.001 C1332.934,647.865,1345.777,643.08,1359.744,643.08z M931.363,72.248c102.999,13.842,200.043,95.649,276.063,233.884 c29.271,53.217,54.09,112.439,74.167,176.138c-107.509,30.102-226.449,47.123-350.23,49.584V72.248z M931.363,594.58 c129.529-2.487,254.326-20.361,367.476-52.055c4.083,15.843,7.878,31.935,11.402,48.234 c-43.492,19.112-73.951,62.588-73.951,113.059c0,61.521,45.234,112.655,104.19,121.932c0.706,14.87,1.205,29.835,1.484,44.86 h-322.077c-10.74-43.845-44.964-78.56-88.524-90.014V594.58z M1297.884,1261.146c-112.896-31.539-237.361-49.31-366.521-51.788 V1019.4c42.252-11.102,75.702-44.095,87.482-86.072h323.038C1339.443,1048.607,1324.384,1159.661,1297.884,1261.146z M1310.731,1488.752c-0.004,33.493-27.249,60.738-60.733,60.738c-0.727,0-1.424-0.086-2.143-0.112 c-23.153-0.817-43.01-14.612-52.536-34.354c-3.847-7.96-6.063-16.849-6.063-26.272c0-29.946,21.797-54.825,50.338-59.782 c3.386-0.594,6.85-0.955,10.399-0.955c19.568,0,36.952,9.337,48.07,23.751C1305.973,1462.032,1310.731,1474.829,1310.731,1488.752 z M868.646,72.248v459.606c-123.79-2.461-242.727-19.483-350.244-49.576c4.759-15.094,9.785-29.938,15.068-44.499 c2.539,0.155,5.086,0.258,7.659,0.258c68.069,0,123.454-55.385,123.454-123.454c0-29.806-10.619-57.171-28.261-78.525 C704.307,140.283,784.484,83.556,868.646,72.248z M501.166,542.525c113.145,31.703,237.95,49.568,367.48,52.055v186.016 c-43.57,11.454-77.785,46.168-88.533,90.014H458.035C460.187,755.304,474.953,644.173,501.166,542.525z M480.392,314.583 c0-33.493,27.245-60.738,60.738-60.738c2.96,0,5.843,0.284,8.691,0.693c22.891,3.304,41.659,19.362,48.854,40.76 c2.039,6.066,3.192,12.538,3.192,19.285c0,26.965-17.676,49.86-42.046,57.76c-5.895,1.919-12.168,2.978-18.691,2.978 c-16.876,0-32.15-6.928-43.166-18.071C487.113,346.268,480.392,331.2,480.392,314.583z M671.399,102.187 c-30.326,26.969-59.12,59.446-85.96,97.199c-13.769-5.314-28.699-8.257-44.31-8.257c-68.069,0-123.455,55.381-123.455,123.455 c0,43.311,22.443,81.459,56.28,103.498c-5.396,14.965-10.55,30.188-15.421,45.661c-54.705-18.605-105.856-40.782-152.403-66.383 c-15.671-8.623-30.584-17.529-44.792-26.668C366.619,243.88,508.876,148.828,671.399,102.187z M223.002,420.56 c16.746,10.946,34.353,21.548,52.906,31.754c50.506,27.778,106.003,51.753,165.312,71.727 c-28.002,107.586-43.716,225.008-45.91,346.569H70.676C76.528,703.387,132.076,548.574,223.002,420.56z M464.894,1048.917 c16.385,10.886,27.219,29.491,27.219,50.609c0,15.489-5.877,29.603-15.464,40.342c-11.127,12.479-27.271,20.387-45.256,20.387 h-0.009c-5.267,0-10.353-0.749-15.24-2.014c-26.126-6.79-45.497-30.507-45.497-58.715c0-22.719,12.547-42.537,31.065-52.95 c8.778-4.939,18.889-7.796,29.672-7.796C443.767,1038.78,455.281,1042.532,464.894,1048.917z M70.797,933.328h324.599 c0.318,15.946,0.878,31.832,1.661,47.631c-51.418,14.905-89.127,62.391-89.127,118.567c0,67.122,53.879,121.879,120.666,123.368 c4.156,19.164,8.683,38.07,13.579,56.676c-59.67,20.042-115.485,44.129-166.258,72.054c-17.848,9.811-34.818,19.999-50.987,30.498 C133.582,1254.58,77.423,1100.223,70.797,933.328z M263.491,1431.844c13.562-8.648,27.761-17.081,42.64-25.266 c46.874-25.781,98.412-48.087,153.539-66.77c21.152,66.478,47.227,128.437,77.949,184.278 c39.421,71.675,84.583,129.977,133.79,173.744C509.986,1651.499,368.555,1557.381,263.491,1431.844z M868.646,1727.753 c-103.008-13.847-200.052-95.65-276.073-233.88c-28.717-52.21-53.139-110.211-73.009-172.532 c107.207-29.912,225.739-46.805,349.082-49.267V1727.753z M868.646,1209.357c-129.168,2.479-253.638,20.249-366.534,51.788 c-4.518-17.322-8.7-34.93-12.547-52.777c38.811-20.834,65.264-61.813,65.264-108.842c0-58.312-40.635-107.276-95.065-120.133 c-0.783-15.267-1.316-30.636-1.652-46.065h323.042c11.789,41.978,45.239,74.971,87.492,86.072V1209.357z M868.646,951.916 c-7.745-4.698-14.38-11.041-19.362-18.588c-6.316-9.578-10.017-21.015-10.017-33.331c0-10.654,2.78-20.67,7.625-29.388 c5.154-9.285,12.693-17.039,21.754-22.529c9.165-5.559,19.878-8.82,31.358-8.82s22.185,3.261,31.359,8.82 c9.061,5.49,16.6,13.244,21.754,22.529c4.846,8.717,7.625,18.734,7.625,29.388c0,12.316-3.709,23.753-10.025,33.331 c-4.975,7.547-11.609,13.89-19.354,18.588c-9.174,5.559-19.879,8.82-31.359,8.82S877.811,957.475,868.646,951.916z M931.363,1727.753v-455.679c123.342,2.462,241.87,19.354,349.077,49.267c-4.858,15.224-9.961,30.223-15.356,44.921 c-4.953-0.619-9.982-0.964-15.099-0.964c-68.065,0-123.445,55.385-123.445,123.454c0,31.746,12.052,60.729,31.818,82.63 C1091.523,1662.669,1013.33,1716.737,931.363,1727.753z M1128.592,1697.831c28.923-25.73,56.435-56.503,82.217-92.035 c12.319,4.13,25.49,6.411,39.189,6.411c68.062,0,123.446-55.386,123.45-123.455c-0.004-40.635-19.745-76.734-50.14-99.247 c5.998-16.247,11.656-32.838,17.018-49.696c55.135,18.683,106.673,40.988,153.543,66.77c14.879,8.185,29.082,16.617,42.645,25.274 C1431.445,1557.39,1290.019,1651.499,1128.592,1697.831z M1575.07,1382.122c-16.169-10.499-33.14-20.688-50.979-30.498 c-50.772-27.925-106.592-52.012-166.267-72.054c28.286-107.405,44.301-224.724,46.783-346.242h324.6 c0.435-11.049,0.658-22.168,0.658-33.331c0,0.009,0,0.009,0,0.009c0,11.154-0.224,22.264-0.658,33.322l0,0 C1722.577,1100.223,1666.418,1254.58,1575.07,1382.122z M1729.324,870.609L1729.324,870.609H1404.69 c-0.31-17.143-0.886-34.207-1.733-51.168c46.817-17.564,80.237-62.751,80.237-115.624c0-63.844-48.72-116.527-110.93-122.826 c-4.122-19.259-8.613-38.251-13.48-56.951c59.31-19.973,114.802-43.948,165.304-71.727c18.558-10.206,36.164-20.816,52.915-31.754 C1667.924,548.574,1723.477,703.379,1729.324,870.609h20.52l0,0H1729.324z\"><\/path><\/svg><\/span><\/div>\n\n\n\n<div style=\"height:16px\" aria-hidden=\"true\" class=\"wp-block-spacer\"><\/div>\n\n\n\n<h3 id=\"wp-block-themeisle-blocks-advanced-heading-d04e739d\" class=\"wp-block-themeisle-blocks-advanced-heading wp-block-themeisle-blocks-advanced-heading-d04e739d\">Multi-language<\/h3>\n\n\n\n<p id=\"wp-block-themeisle-blocks-advanced-heading-44f96efe\" class=\"wp-block-themeisle-blocks-advanced-heading wp-block-themeisle-blocks-advanced-heading-44f96efe\">disponible en varios idiomas para llegar a una audiencia global<\/p>\n<\/div>\n<\/div><\/div>\n<\/div>\n<\/div><\/div>\n\n\n\n<div id=\"wp-block-themeisle-blocks-advanced-columns-654a31cc\" class=\"wp-block-themeisle-blocks-advanced-columns alignfull has-1-columns has-desktop-equal-layout has-tablet-equal-layout has-mobile-equal-layout has-vertical-unset has-light-bg\"><div class=\"wp-block-themeisle-blocks-advanced-columns-overlay\"><\/div><div class=\"innerblocks-wrap\">\n<div id=\"wp-block-themeisle-blocks-advanced-column-b6504856\" class=\"wp-block-themeisle-blocks-advanced-column\">\n<div style=\"height:16px\" aria-hidden=\"true\" class=\"wp-block-spacer\"><\/div>\n\n\n\n<div id=\"wp-block-themeisle-blocks-advanced-columns-113c9258\" class=\"wp-block-themeisle-blocks-advanced-columns has-2-columns has-desktop-equal-layout has-tablet-equal-layout has-mobile-collapsedRows-layout has-vertical-unset\"><div class=\"wp-block-themeisle-blocks-advanced-columns-overlay\"><\/div><div class=\"innerblocks-wrap\">\n<div id=\"wp-block-themeisle-blocks-advanced-column-95a2af52\" class=\"wp-block-themeisle-blocks-advanced-column\">\n<figure class=\"wp-block-image size-full\"><img decoding=\"async\" src=\"https:\/\/demosites.io\/otter\/wp-content\/uploads\/sites\/664\/2022\/09\/placeholder-img-16.png\" alt=\"\" class=\"wp-image-341\"\/><\/figure>\n<\/div>\n\n\n\n<div id=\"wp-block-themeisle-blocks-advanced-column-015fe2e7\" class=\"wp-block-themeisle-blocks-advanced-column\">\n<h2 id=\"wp-block-themeisle-blocks-advanced-heading-6a9010bd\" class=\"wp-block-themeisle-blocks-advanced-heading wp-block-themeisle-blocks-advanced-heading-6a9010bd\">Confianza Duradera<\/h2>\n\n\n\n<p id=\"wp-block-themeisle-blocks-advanced-heading-d44033ef\" class=\"wp-block-themeisle-blocks-advanced-heading wp-block-themeisle-blocks-advanced-heading-d44033ef\">Respaldado por 18 a\u00f1os de ventas en l\u00ednea y 17 en Mercado Libre.<\/p>\n\n\n\n<ul class=\"wp-block-social-links alignleft has-large-icon-size has-icon-color has-icon-background-color is-style-default ticss-c4aea8bb is-content-justification-center is-layout-flex wp-container-core-social-links-is-layout-1 wp-block-social-links-is-layout-flex\">\n\n\n\n\n\n<\/ul>\n<\/div>\n<\/div><\/div>\n<\/div>\n<\/div><\/div>\n\n\n\n<div id=\"wp-block-themeisle-blocks-advanced-columns-59d17232\" class=\"wp-block-themeisle-blocks-advanced-columns alignfull has-1-columns has-desktop-equal-layout has-tablet-equal-layout has-mobile-equal-layout has-vertical-unset has-dark-bg\"><div class=\"wp-block-themeisle-blocks-advanced-columns-overlay\"><\/div><div class=\"innerblocks-wrap\">\n<div id=\"wp-block-themeisle-blocks-advanced-column-fda9e847\" class=\"wp-block-themeisle-blocks-advanced-column\">\n<div id=\"wp-block-themeisle-blocks-advanced-columns-2ba4b138\" class=\"wp-block-themeisle-blocks-advanced-columns has-1-columns has-desktop-equal-layout has-tablet-equal-layout has-mobile-collapsedRows-layout has-vertical-unset\"><div class=\"wp-block-themeisle-blocks-advanced-columns-overlay\"><\/div><div class=\"innerblocks-wrap\">\n<div id=\"wp-block-themeisle-blocks-advanced-column-944aff82\" class=\"wp-block-themeisle-blocks-advanced-column\">\n<figure class=\"wp-block-image aligncenter size-full is-resized\"><img decoding=\"async\" src=\"https:\/\/demosites.io\/otter\/wp-content\/uploads\/sites\/664\/2022\/09\/placeholder-img-13.png\" alt=\"\" class=\"wp-image-338\" style=\"width:119px;height:119px\"\/><\/figure>\n\n\n\n<p id=\"wp-block-themeisle-blocks-advanced-heading-451b2529\" class=\"wp-block-themeisle-blocks-advanced-heading wp-block-themeisle-blocks-advanced-heading-451b2529\"><em>&#8220;<\/em>En 2008, compr\u00e9 carpetas de historia cl\u00ednica desde el extranjero despu\u00e9s de encontrarlos en l\u00ednea. Las don\u00e9 a una organizaci\u00f3n en Quito, Ecuador, gracias a la confianza en su calidad y servicio.<em>&#8220;<\/em><\/p>\n\n\n\n<div id=\"wp-block-themeisle-blocks-advanced-heading-05c93b0f\" class=\"wp-block-themeisle-blocks-advanced-heading wp-block-themeisle-blocks-advanced-heading-05c93b0f\">Jane Donovan<\/div>\n<\/div>\n<\/div><\/div>\n<\/div>\n<\/div><\/div>\n","protected":false},"excerpt":{"rendered":"","protected":false},"author":1,"featured_media":0,"parent":0,"menu_order":0,"comment_status":"open","ping_status":"closed","template":"templates\/wpmm-page-template.php","meta":{"_themeisle_gutenberg_block_has_review":false,"footnotes":""},"class_list":["post-6","page","type-page","status-publish","hentry"],"_links":{"self":[{"href":"https:\/\/medicosecuador.org\/index.php?rest_route=\/wp\/v2\/pages\/6","targetHints":{"allow":["GET"]}}],"collection":[{"href":"https:\/\/medicosecuador.org\/index.php?rest_route=\/wp\/v2\/pages"}],"about":[{"href":"https:\/\/medicosecuador.org\/index.php?rest_route=\/wp\/v2\/types\/page"}],"author":[{"embeddable":true,"href":"https:\/\/medicosecuador.org\/index.php?rest_route=\/wp\/v2\/users\/1"}],"replies":[{"embeddable":true,"href":"https:\/\/medicosecuador.org\/index.php?rest_route=%2Fwp%2Fv2%2Fcomments&post=6"}],"version-history":[{"count":31,"href":"https:\/\/medicosecuador.org\/index.php?rest_route=\/wp\/v2\/pages\/6\/revisions"}],"predecessor-version":[{"id":47,"href":"https:\/\/medicosecuador.org\/index.php?rest_route=\/wp\/v2\/pages\/6\/revisions\/47"}],"wp:attachment":[{"href":"https:\/\/medicosecuador.org\/index.php?rest_route=%2Fwp%2Fv2%2Fmedia&parent=6"}],"curies":[{"name":"wp","href":"https:\/\/api.w.org\/{rel}","templated":true}]}}